{"id":6372,"date":"2023-08-07T17:05:18","date_gmt":"2023-08-07T22:05:18","guid":{"rendered":"https:\/\/ivcisa.com\/?page_id=6372"},"modified":"2025-11-20T16:31:47","modified_gmt":"2025-11-20T21:31:47","slug":"prensa","status":"publish","type":"page","link":"https:\/\/ivcisa.com\/index.php\/prensa\/","title":{"rendered":"Prensa"},"content":{"rendered":"\t\t<div data-elementor-type=\"wp-page\" data-elementor-id=\"6372\" class=\"elementor elementor-6372\" data-elementor-post-type=\"page\">\n\t\t\t\t\t\t<section class=\"elementor-section elementor-top-section elementor-element elementor-element-69a1219 elementor-section-boxed elementor-section-height-default elementor-section-height-default\" data-id=\"69a1219\" data-element_type=\"section\" data-e-type=\"section\">\n\t\t\t\t\t\t<div class=\"elementor-container elementor-column-gap-default\">\n\t\t\t\t\t<div class=\"elementor-column elementor-col-100 elementor-top-column elementor-element elementor-element-5479865\" data-id=\"5479865\" data-element_type=\"column\" data-e-type=\"column\">\n\t\t\t<div class=\"elementor-widget-wrap elementor-element-populated\">\n\t\t\t\t\t\t<div class=\"elementor-element elementor-element-23bd852 elementor-posts--thumbnail-none elementor-posts--align-center elementor-grid-3 elementor-grid-tablet-2 elementor-grid-mobile-1 elementor-card-shadow-yes elementor-posts__hover-gradient elementor-widget elementor-widget-posts\" data-id=\"23bd852\" data-element_type=\"widget\" data-e-type=\"widget\" data-settings=\"{&quot;pagination_type&quot;:&quot;numbers_and_prev_next&quot;,&quot;cards_columns&quot;:&quot;3&quot;,&quot;cards_columns_tablet&quot;:&quot;2&quot;,&quot;cards_columns_mobile&quot;:&quot;1&quot;,&quot;cards_row_gap&quot;:{&quot;unit&quot;:&quot;px&quot;,&quot;size&quot;:35,&quot;sizes&quot;:[]},&quot;cards_row_gap_tablet&quot;:{&quot;unit&quot;:&quot;px&quot;,&quot;size&quot;:&quot;&quot;,&quot;sizes&quot;:[]},&quot;cards_row_gap_mobile&quot;:{&quot;unit&quot;:&quot;px&quot;,&quot;size&quot;:&quot;&quot;,&quot;sizes&quot;:[]}}\" data-widget_type=\"posts.cards\">\n\t\t\t\t<div class=\"elementor-widget-container\">\n\t\t\t\t\t\t\t<div class=\"elementor-posts-container elementor-posts elementor-posts--skin-cards elementor-grid\" role=\"list\">\n\t\t\t\t<article class=\"elementor-post elementor-grid-item post-13143 page type-page status-publish has-post-thumbnail hentry\" role=\"listitem\">\n\t\t\t<div class=\"elementor-post__card\">\n\t\t\t\t<div class=\"elementor-post__text\">\n\t\t\t\t<h3 class=\"elementor-post__title\">\n\t\t\t<a href=\"https:\/\/ivcisa.com\/index.php\/ivcisa-anuncia-webinar-estrategico-para-optimizar-la-adopcion-de-ia-generativa-en-las-empresas\/\" target=&quot;_blank&quot;>\n\t\t\t\tIVCISA anuncia Webinar Estrat\u00e9gico para optimizar la adopci\u00f3n de IA Generativa en las empresas\t\t\t<\/a>\n\t\t<\/h3>\n\t\t\t\t<div class=\"elementor-post__excerpt\">\n\t\t\t<p>Con el objetivo de acelerar la innovaci\u00f3n tecnol\u00f3gica en la regi\u00f3n, IVCISA, consultora l\u00edder especializada en Cloud, Data e Inteligencia Artificial, anuncia su pr\u00f3ximo webinar<\/p>\n\t\t<\/div>\n\t\t\t\t\t<div class=\"elementor-post__read-more-wrapper\">\n\t\t\n\t\t<a class=\"elementor-post__read-more\" href=\"https:\/\/ivcisa.com\/index.php\/ivcisa-anuncia-webinar-estrategico-para-optimizar-la-adopcion-de-ia-generativa-en-las-empresas\/\" aria-label=\"Read more about IVCISA anuncia Webinar Estrat\u00e9gico para optimizar la adopci\u00f3n de IA Generativa en las empresas\" tabindex=\"-1\" target=\"_blank\">\n\t\t\tSeguir leyendo\t\t<\/a>\n\n\t\t\t\t\t<\/div>\n\t\t\t\t<\/div>\n\t\t\t\t<div class=\"elementor-post__meta-data\">\n\t\t\t\t\t<span class=\"elementor-post-date\">\n\t\t\tabril 22, 2026\t\t<\/span>\n\t\t\t\t<span class=\"elementor-post-avatar\">\n\t\t\tNo hay comentarios\t\t<\/span>\n\t\t\t\t<\/div>\n\t\t\t\t\t<\/div>\n\t\t<\/article>\n\t\t\t\t<article class=\"elementor-post elementor-grid-item post-13076 page type-page status-publish has-post-thumbnail hentry\" role=\"listitem\">\n\t\t\t<div class=\"elementor-post__card\">\n\t\t\t\t<div class=\"elementor-post__text\">\n\t\t\t\t<h3 class=\"elementor-post__title\">\n\t\t\t<a href=\"https:\/\/ivcisa.com\/index.php\/ivcisa-impulsa-la-agilidad-tecnica-en-fsi-y-retail-mediante-sesiones-de-vibe-coding-con-kiro\/\" target=&quot;_blank&quot;>\n\t\t\t\tIVCISA impulsa la agilidad t\u00e9cnica en FSI y Retail mediante sesiones de Vibe Coding con Kiro\t\t\t<\/a>\n\t\t<\/h3>\n\t\t\t\t<div class=\"elementor-post__excerpt\">\n\t\t\t<p>En un entorno donde la velocidad de innovaci\u00f3n es el diferencial competitivo, IVCISA llev\u00f3 a cabo recientemente dos jornadas de inversi\u00f3n t\u00e9cnica enfocadas en Vibe<\/p>\n\t\t<\/div>\n\t\t\t\t\t<div class=\"elementor-post__read-more-wrapper\">\n\t\t\n\t\t<a class=\"elementor-post__read-more\" href=\"https:\/\/ivcisa.com\/index.php\/ivcisa-impulsa-la-agilidad-tecnica-en-fsi-y-retail-mediante-sesiones-de-vibe-coding-con-kiro\/\" aria-label=\"Read more about IVCISA impulsa la agilidad t\u00e9cnica en FSI y Retail mediante sesiones de Vibe Coding con Kiro\" tabindex=\"-1\" target=\"_blank\">\n\t\t\tSeguir leyendo\t\t<\/a>\n\n\t\t\t\t\t<\/div>\n\t\t\t\t<\/div>\n\t\t\t\t<div class=\"elementor-post__meta-data\">\n\t\t\t\t\t<span class=\"elementor-post-date\">\n\t\t\tmarzo 4, 2026\t\t<\/span>\n\t\t\t\t<span class=\"elementor-post-avatar\">\n\t\t\tNo hay comentarios\t\t<\/span>\n\t\t\t\t<\/div>\n\t\t\t\t\t<\/div>\n\t\t<\/article>\n\t\t\t\t<article class=\"elementor-post elementor-grid-item post-12711 page type-page status-publish has-post-thumbnail hentry\" role=\"listitem\">\n\t\t\t<div class=\"elementor-post__card\">\n\t\t\t\t<div class=\"elementor-post__text\">\n\t\t\t\t<h3 class=\"elementor-post__title\">\n\t\t\t<a href=\"https:\/\/ivcisa.com\/index.php\/ivcisa-refuerza-su-compromiso-social-apoyando-a-casa-esperanza-en-panama\/\" target=&quot;_blank&quot;>\n\t\t\t\tIVCISA Refuerza su Compromiso Social apoyando a Casa Esperanza\t\t\t<\/a>\n\t\t<\/h3>\n\t\t\t\t<div class=\"elementor-post__excerpt\">\n\t\t\t<p>IVCISA,\u00a0 anuncia que recientemente realiz\u00f3 una contribuci\u00f3n a Casa Esperanza, una reconocida organizaci\u00f3n sin fines de lucro en Panam\u00e1 dedicada a la prevenci\u00f3n del trabajo<\/p>\n\t\t<\/div>\n\t\t\t\t\t<div class=\"elementor-post__read-more-wrapper\">\n\t\t\n\t\t<a class=\"elementor-post__read-more\" href=\"https:\/\/ivcisa.com\/index.php\/ivcisa-refuerza-su-compromiso-social-apoyando-a-casa-esperanza-en-panama\/\" aria-label=\"Read more about IVCISA Refuerza su Compromiso Social apoyando a Casa Esperanza\" tabindex=\"-1\" target=\"_blank\">\n\t\t\tSeguir leyendo\t\t<\/a>\n\n\t\t\t\t\t<\/div>\n\t\t\t\t<\/div>\n\t\t\t\t<div class=\"elementor-post__meta-data\">\n\t\t\t\t\t<span class=\"elementor-post-date\">\n\t\t\tdiciembre 15, 2025\t\t<\/span>\n\t\t\t\t<span class=\"elementor-post-avatar\">\n\t\t\tNo hay comentarios\t\t<\/span>\n\t\t\t\t<\/div>\n\t\t\t\t\t<\/div>\n\t\t<\/article>\n\t\t\t\t<article class=\"elementor-post elementor-grid-item post-12495 page type-page status-publish has-post-thumbnail hentry\" role=\"listitem\">\n\t\t\t<div class=\"elementor-post__card\">\n\t\t\t\t<div class=\"elementor-post__text\">\n\t\t\t\t<h3 class=\"elementor-post__title\">\n\t\t\t<a href=\"https:\/\/ivcisa.com\/index.php\/ivcisa-en-lanzamiento-de-la-nueva-region-de-aws-suramerica-chile\/\" target=&quot;_blank&quot;>\n\t\t\t\tIVCISA en lanzamiento de la Nueva Regi\u00f3n de AWS Suram\u00e9rica Chile\t\t\t<\/a>\n\t\t<\/h3>\n\t\t\t\t<div class=\"elementor-post__excerpt\">\n\t\t\t<p>IVCISA se enorgullece de haber participado en la experiencia exclusiva organizada por Amazon Web Services (AWS) en Bogot\u00e1, para celebrar la llegada de Chile, la<\/p>\n\t\t<\/div>\n\t\t\t\t\t<div class=\"elementor-post__read-more-wrapper\">\n\t\t\n\t\t<a class=\"elementor-post__read-more\" href=\"https:\/\/ivcisa.com\/index.php\/ivcisa-en-lanzamiento-de-la-nueva-region-de-aws-suramerica-chile\/\" aria-label=\"Read more about IVCISA en lanzamiento de la Nueva Regi\u00f3n de AWS Suram\u00e9rica Chile\" tabindex=\"-1\" target=\"_blank\">\n\t\t\tSeguir leyendo\t\t<\/a>\n\n\t\t\t\t\t<\/div>\n\t\t\t\t<\/div>\n\t\t\t\t<div class=\"elementor-post__meta-data\">\n\t\t\t\t\t<span class=\"elementor-post-date\">\n\t\t\tnoviembre 17, 2025\t\t<\/span>\n\t\t\t\t<span class=\"elementor-post-avatar\">\n\t\t\tNo hay comentarios\t\t<\/span>\n\t\t\t\t<\/div>\n\t\t\t\t\t<\/div>\n\t\t<\/article>\n\t\t\t\t<article class=\"elementor-post elementor-grid-item post-12487 page type-page status-publish has-post-thumbnail hentry\" role=\"listitem\">\n\t\t\t<div class=\"elementor-post__card\">\n\t\t\t\t<div class=\"elementor-post__text\">\n\t\t\t\t<h3 class=\"elementor-post__title\">\n\t\t\t<a href=\"https:\/\/ivcisa.com\/index.php\/ciclo-exclusivo-de-webinars-sobre-amazon-quick-suite\/\" target=&quot;_blank&quot;>\n\t\t\t\tCiclo Exclusivo de Webinars sobre Amazon Quick Suite\t\t\t<\/a>\n\t\t<\/h3>\n\t\t\t\t<div class=\"elementor-post__excerpt\">\n\t\t\t<p>IVCISA llevar\u00e1 a cabo pr\u00f3ximamente un ciclo exclusivo de dos webinars t\u00e9cnicos enfocados en Amazon Quick Suite, la nueva plataforma de AWS que unifica el<\/p>\n\t\t<\/div>\n\t\t\t\t\t<div class=\"elementor-post__read-more-wrapper\">\n\t\t\n\t\t<a class=\"elementor-post__read-more\" href=\"https:\/\/ivcisa.com\/index.php\/ciclo-exclusivo-de-webinars-sobre-amazon-quick-suite\/\" aria-label=\"Read more about Ciclo Exclusivo de Webinars sobre Amazon Quick Suite\" tabindex=\"-1\" target=\"_blank\">\n\t\t\tSeguir leyendo\t\t<\/a>\n\n\t\t\t\t\t<\/div>\n\t\t\t\t<\/div>\n\t\t\t\t<div class=\"elementor-post__meta-data\">\n\t\t\t\t\t<span class=\"elementor-post-date\">\n\t\t\tnoviembre 17, 2025\t\t<\/span>\n\t\t\t\t<span class=\"elementor-post-avatar\">\n\t\t\tNo hay comentarios\t\t<\/span>\n\t\t\t\t<\/div>\n\t\t\t\t\t<\/div>\n\t\t<\/article>\n\t\t\t\t<article class=\"elementor-post elementor-grid-item post-12482 page type-page status-publish has-post-thumbnail hentry\" role=\"listitem\">\n\t\t\t<div class=\"elementor-post__card\">\n\t\t\t\t<div class=\"elementor-post__text\">\n\t\t\t\t<h3 class=\"elementor-post__title\">\n\t\t\t<a href=\"https:\/\/ivcisa.com\/index.php\/se-realiza-con-exito-taller-sobre-amazon-quicksuite\/\" target=&quot;_blank&quot;>\n\t\t\t\tSe realiza con \u00e9xito taller sobre Amazon Quick Suite\t\t\t<\/a>\n\t\t<\/h3>\n\t\t\t\t<div class=\"elementor-post__excerpt\">\n\t\t\t<p>IVCISA concluy\u00f3 exitosamente su Hands-On Tech Workshop: Implementando Amazon Quick Suite para IA Empresarial en AWS. El taller intensivo permiti\u00f3 a los participantes pasar de<\/p>\n\t\t<\/div>\n\t\t\t\t\t<div class=\"elementor-post__read-more-wrapper\">\n\t\t\n\t\t<a class=\"elementor-post__read-more\" href=\"https:\/\/ivcisa.com\/index.php\/se-realiza-con-exito-taller-sobre-amazon-quicksuite\/\" aria-label=\"Read more about Se realiza con \u00e9xito taller sobre Amazon Quick Suite\" tabindex=\"-1\" target=\"_blank\">\n\t\t\tSeguir leyendo\t\t<\/a>\n\n\t\t\t\t\t<\/div>\n\t\t\t\t<\/div>\n\t\t\t\t<div class=\"elementor-post__meta-data\">\n\t\t\t\t\t<span class=\"elementor-post-date\">\n\t\t\tnoviembre 17, 2025\t\t<\/span>\n\t\t\t\t<span class=\"elementor-post-avatar\">\n\t\t\tNo hay comentarios\t\t<\/span>\n\t\t\t\t<\/div>\n\t\t\t\t\t<\/div>\n\t\t<\/article>\n\t\t\t\t<article class=\"elementor-post elementor-grid-item post-12469 page type-page status-publish has-post-thumbnail hentry\" role=\"listitem\">\n\t\t\t<div class=\"elementor-post__card\">\n\t\t\t\t<div class=\"elementor-post__text\">\n\t\t\t\t<h3 class=\"elementor-post__title\">\n\t\t\t<a href=\"https:\/\/ivcisa.com\/index.php\/seguridad-avanzada-en-aws-mas-alla-de-lo-basico\/\" target=&quot;_blank&quot;>\n\t\t\t\tSeguridad Avanzada en AWS, M\u00e1s All\u00e1 de lo B\u00e1sico\t\t\t<\/a>\n\t\t<\/h3>\n\t\t\t\t<div class=\"elementor-post__excerpt\">\n\t\t\t<p>En d\u00edas pasados realizamos con \u00e9xito el webinar Seguridad en AWS: M\u00e1s All\u00e1 de lo B\u00e1sico (Cifrado, WAF, KMS y Optimizaci\u00f3n de la Red), donde<\/p>\n\t\t<\/div>\n\t\t\t\t\t<div class=\"elementor-post__read-more-wrapper\">\n\t\t\n\t\t<a class=\"elementor-post__read-more\" href=\"https:\/\/ivcisa.com\/index.php\/seguridad-avanzada-en-aws-mas-alla-de-lo-basico\/\" aria-label=\"Read more about Seguridad Avanzada en AWS, M\u00e1s All\u00e1 de lo B\u00e1sico\" tabindex=\"-1\" target=\"_blank\">\n\t\t\tSeguir leyendo\t\t<\/a>\n\n\t\t\t\t\t<\/div>\n\t\t\t\t<\/div>\n\t\t\t\t<div class=\"elementor-post__meta-data\">\n\t\t\t\t\t<span class=\"elementor-post-date\">\n\t\t\tnoviembre 17, 2025\t\t<\/span>\n\t\t\t\t<span class=\"elementor-post-avatar\">\n\t\t\tNo hay comentarios\t\t<\/span>\n\t\t\t\t<\/div>\n\t\t\t\t\t<\/div>\n\t\t<\/article>\n\t\t\t\t<article class=\"elementor-post elementor-grid-item post-12461 page type-page status-publish has-post-thumbnail hentry\" role=\"listitem\">\n\t\t\t<div class=\"elementor-post__card\">\n\t\t\t\t<div class=\"elementor-post__text\">\n\t\t\t\t<h3 class=\"elementor-post__title\">\n\t\t\t<a href=\"https:\/\/ivcisa.com\/index.php\/ivcisa-presente-en-el-hackathon-2025-de-copa-airlines\/\" target=&quot;_blank&quot;>\n\t\t\t\tIVCISA presente en el Hackathon 2025 de Copa Airlines\t\t\t<\/a>\n\t\t<\/h3>\n\t\t\t\t<div class=\"elementor-post__excerpt\">\n\t\t\t<p>IVCISA fue orgulloso patrocinador de la Sexta Edici\u00f3n del Hackathon Copa Airlines 2025, celebrada en el Centro de Convenciones de Ciudad del Saber. El evento<\/p>\n\t\t<\/div>\n\t\t\t\t\t<div class=\"elementor-post__read-more-wrapper\">\n\t\t\n\t\t<a class=\"elementor-post__read-more\" href=\"https:\/\/ivcisa.com\/index.php\/ivcisa-presente-en-el-hackathon-2025-de-copa-airlines\/\" aria-label=\"Read more about IVCISA presente en el Hackathon 2025 de Copa Airlines\" tabindex=\"-1\" target=\"_blank\">\n\t\t\tSeguir leyendo\t\t<\/a>\n\n\t\t\t\t\t<\/div>\n\t\t\t\t<\/div>\n\t\t\t\t<div class=\"elementor-post__meta-data\">\n\t\t\t\t\t<span class=\"elementor-post-date\">\n\t\t\tnoviembre 17, 2025\t\t<\/span>\n\t\t\t\t<span class=\"elementor-post-avatar\">\n\t\t\tNo hay comentarios\t\t<\/span>\n\t\t\t\t<\/div>\n\t\t\t\t\t<\/div>\n\t\t<\/article>\n\t\t\t\t<article class=\"elementor-post elementor-grid-item post-12452 page type-page status-publish has-post-thumbnail hentry\" role=\"listitem\">\n\t\t\t<div class=\"elementor-post__card\">\n\t\t\t\t<div class=\"elementor-post__text\">\n\t\t\t\t<h3 class=\"elementor-post__title\">\n\t\t\t<a href=\"https:\/\/ivcisa.com\/index.php\/exito-en-el-aws-summit-bogota-2025\/\" target=&quot;_blank&quot;>\n\t\t\t\t\u00c9xito en el AWS Summit Bogot\u00e1 2025\t\t\t<\/a>\n\t\t<\/h3>\n\t\t\t\t<div class=\"elementor-post__excerpt\">\n\t\t\t<p>IVCISA se enorgullece de haber participado por primera vez como patrocinador del AWS Summit Bogot\u00e1 2025, un evento que ha marcado un rotundo \u00e9xito en<\/p>\n\t\t<\/div>\n\t\t\t\t\t<div class=\"elementor-post__read-more-wrapper\">\n\t\t\n\t\t<a class=\"elementor-post__read-more\" href=\"https:\/\/ivcisa.com\/index.php\/exito-en-el-aws-summit-bogota-2025\/\" aria-label=\"Read more about \u00c9xito en el AWS Summit Bogot\u00e1 2025\" tabindex=\"-1\" target=\"_blank\">\n\t\t\tSeguir leyendo\t\t<\/a>\n\n\t\t\t\t\t<\/div>\n\t\t\t\t<\/div>\n\t\t\t\t<div class=\"elementor-post__meta-data\">\n\t\t\t\t\t<span class=\"elementor-post-date\">\n\t\t\tnoviembre 17, 2025\t\t<\/span>\n\t\t\t\t<span class=\"elementor-post-avatar\">\n\t\t\tNo hay comentarios\t\t<\/span>\n\t\t\t\t<\/div>\n\t\t\t\t\t<\/div>\n\t\t<\/article>\n\t\t\t\t<\/div>\n\t\t\n\t\t\t\t<div class=\"e-load-more-anchor\" data-page=\"1\" data-max-page=\"12\" data-next-page=\"https:\/\/ivcisa.com\/index.php\/wp-json\/wp\/v2\/pages\/6372\/page\/2\/\"><\/div>\n\t\t\t\t<nav class=\"elementor-pagination\" aria-label=\"Pagination\">\n\t\t\t<span class=\"page-numbers prev\">&laquo;<\/span>\n<span aria-current=\"page\" class=\"page-numbers current\"><span class=\"elementor-screen-only\">Page<\/span>1<\/span>\n<a class=\"page-numbers\" href=\"https:\/\/ivcisa.com\/index.php\/wp-json\/wp\/v2\/pages\/6372\/page\/2\/\"><span class=\"elementor-screen-only\">Page<\/span>2<\/a>\n<a class=\"page-numbers\" href=\"https:\/\/ivcisa.com\/index.php\/wp-json\/wp\/v2\/pages\/6372\/page\/3\/\"><span class=\"elementor-screen-only\">Page<\/span>3<\/a>\n<span class=\"page-numbers dots\">&hellip;<\/span>\n<a class=\"page-numbers\" href=\"https:\/\/ivcisa.com\/index.php\/wp-json\/wp\/v2\/pages\/6372\/page\/12\/\"><span class=\"elementor-screen-only\">Page<\/span>12<\/a>\n<a class=\"page-numbers next\" href=\"https:\/\/ivcisa.com\/index.php\/wp-json\/wp\/v2\/pages\/6372\/page\/2\/\"> &raquo;<\/a>\t\t<\/nav>\n\t\t\t\t\t\t<\/div>\n\t\t\t\t<\/div>\n\t\t\t\t<div class=\"elementor-element elementor-element-3344076 elementor-widget elementor-widget-spacer\" data-id=\"3344076\" data-element_type=\"widget\" data-e-type=\"widget\" data-widget_type=\"spacer.default\">\n\t\t\t\t<div class=\"elementor-widget-container\">\n\t\t\t\t\t\t\t<div class=\"elementor-spacer\">\n\t\t\t<div class=\"elementor-spacer-inner\"><\/div>\n\t\t<\/div>\n\t\t\t\t\t\t<\/div>\n\t\t\t\t<\/div>\n\t\t\t\t\t<\/div>\n\t\t<\/div>\n\t\t\t\t\t<\/div>\n\t\t<\/section>\n\t\t\t\t<\/div>\n\t\t","protected":false},"excerpt":{"rendered":"","protected":false},"author":1,"featured_media":6475,"parent":0,"menu_order":0,"comment_status":"closed","ping_status":"closed","template":"","meta":{"content-type":"","footnotes":""},"class_list":["post-6372","page","type-page","status-publish","has-post-thumbnail","hentry"],"yoast_head":"<!-- This site is optimized with the Yoast SEO plugin v27.1.1 - https:\/\/yoast.com\/product\/yoast-seo-wordpress\/ -->\n<title>Prensa - IVCISA<\/title>\n<meta name=\"robots\" content=\"index, follow, max-snippet:-1, max-image-preview:large, max-video-preview:-1\" \/>\n<link rel=\"canonical\" href=\"https:\/\/ivcisa.com\/index.php\/prensa\/\" \/>\n<meta property=\"og:locale\" content=\"es_ES\" \/>\n<meta property=\"og:type\" content=\"article\" \/>\n<meta property=\"og:title\" content=\"Prensa - IVCISA\" \/>\n<meta property=\"og:url\" content=\"https:\/\/ivcisa.com\/index.php\/prensa\/\" \/>\n<meta property=\"og:site_name\" content=\"IVCISA\" \/>\n<meta property=\"article:modified_time\" content=\"2025-11-20T21:31:47+00:00\" \/>\n<meta property=\"og:image\" content=\"https:\/\/ivcisa.com\/wp-content\/uploads\/2023\/08\/brett-jordan-LPZy4da9aRo-unsplash.jpg\" \/>\n\t<meta property=\"og:image:width\" content=\"1920\" \/>\n\t<meta property=\"og:image:height\" content=\"1440\" \/>\n\t<meta property=\"og:image:type\" content=\"image\/jpeg\" \/>\n<meta name=\"twitter:card\" content=\"summary_large_image\" \/>\n<meta name=\"twitter:site\" content=\"@ivcisainc\" \/>\n<meta name=\"twitter:label1\" content=\"Tiempo de lectura\" \/>\n\t<meta name=\"twitter:data1\" content=\"5 minutos\" \/>\n<script type=\"application\/ld+json\" class=\"yoast-schema-graph\">{\"@context\":\"https:\/\/schema.org\",\"@graph\":[{\"@type\":\"WebPage\",\"@id\":\"https:\/\/ivcisa.com\/index.php\/prensa\/\",\"url\":\"https:\/\/ivcisa.com\/index.php\/prensa\/\",\"name\":\"Prensa - IVCISA\",\"isPartOf\":{\"@id\":\"https:\/\/ivcisa.com\/#website\"},\"primaryImageOfPage\":{\"@id\":\"https:\/\/ivcisa.com\/index.php\/prensa\/#primaryimage\"},\"image\":{\"@id\":\"https:\/\/ivcisa.com\/index.php\/prensa\/#primaryimage\"},\"thumbnailUrl\":\"https:\/\/ivcisa.com\/wp-content\/uploads\/2023\/08\/brett-jordan-LPZy4da9aRo-unsplash.jpg\",\"datePublished\":\"2023-08-07T22:05:18+00:00\",\"dateModified\":\"2025-11-20T21:31:47+00:00\",\"breadcrumb\":{\"@id\":\"https:\/\/ivcisa.com\/index.php\/prensa\/#breadcrumb\"},\"inLanguage\":\"es-CO\",\"potentialAction\":[{\"@type\":\"ReadAction\",\"target\":[\"https:\/\/ivcisa.com\/index.php\/prensa\/\"]}]},{\"@type\":\"ImageObject\",\"inLanguage\":\"es-CO\",\"@id\":\"https:\/\/ivcisa.com\/index.php\/prensa\/#primaryimage\",\"url\":\"https:\/\/ivcisa.com\/wp-content\/uploads\/2023\/08\/brett-jordan-LPZy4da9aRo-unsplash.jpg\",\"contentUrl\":\"https:\/\/ivcisa.com\/wp-content\/uploads\/2023\/08\/brett-jordan-LPZy4da9aRo-unsplash.jpg\",\"width\":1920,\"height\":1440},{\"@type\":\"BreadcrumbList\",\"@id\":\"https:\/\/ivcisa.com\/index.php\/prensa\/#breadcrumb\",\"itemListElement\":[{\"@type\":\"ListItem\",\"position\":1,\"name\":\"Inicio\",\"item\":\"https:\/\/ivcisa.com\/\"},{\"@type\":\"ListItem\",\"position\":2,\"name\":\"Prensa\"}]},{\"@type\":\"WebSite\",\"@id\":\"https:\/\/ivcisa.com\/#website\",\"url\":\"https:\/\/ivcisa.com\/\",\"name\":\"IVCISA\",\"description\":\"Somos una empresa de servicios y consultor\u00eda especializada en soluciones en la nube de AWS.\",\"publisher\":{\"@id\":\"https:\/\/ivcisa.com\/#organization\"},\"potentialAction\":[{\"@type\":\"SearchAction\",\"target\":{\"@type\":\"EntryPoint\",\"urlTemplate\":\"https:\/\/ivcisa.com\/?s={search_term_string}\"},\"query-input\":{\"@type\":\"PropertyValueSpecification\",\"valueRequired\":true,\"valueName\":\"search_term_string\"}}],\"inLanguage\":\"es-CO\"},{\"@type\":\"Organization\",\"@id\":\"https:\/\/ivcisa.com\/#organization\",\"name\":\"IVCISA\",\"url\":\"https:\/\/ivcisa.com\/\",\"logo\":{\"@type\":\"ImageObject\",\"inLanguage\":\"es-CO\",\"@id\":\"https:\/\/ivcisa.com\/#\/schema\/logo\/image\/\",\"url\":\"https:\/\/ivcisa.com\/wp-content\/uploads\/2023\/03\/Logo-IVCISA-NUEVO-transparente-e1679587431960.png\",\"contentUrl\":\"https:\/\/ivcisa.com\/wp-content\/uploads\/2023\/03\/Logo-IVCISA-NUEVO-transparente-e1679587431960.png\",\"width\":2362,\"height\":1003,\"caption\":\"IVCISA\"},\"image\":{\"@id\":\"https:\/\/ivcisa.com\/#\/schema\/logo\/image\/\"},\"sameAs\":[\"https:\/\/x.com\/ivcisainc\",\"https:\/\/www.linkedin.com\/company\/ivcisa-int\/\"]}]}<\/script>\n<!-- \/ Yoast SEO plugin. -->","yoast_head_json":{"title":"Prensa - IVCISA","robots":{"index":"index","follow":"follow","max-snippet":"max-snippet:-1","max-image-preview":"max-image-preview:large","max-video-preview":"max-video-preview:-1"},"canonical":"https:\/\/ivcisa.com\/index.php\/prensa\/","og_locale":"es_ES","og_type":"article","og_title":"Prensa - IVCISA","og_url":"https:\/\/ivcisa.com\/index.php\/prensa\/","og_site_name":"IVCISA","article_modified_time":"2025-11-20T21:31:47+00:00","og_image":[{"width":1920,"height":1440,"url":"https:\/\/ivcisa.com\/wp-content\/uploads\/2023\/08\/brett-jordan-LPZy4da9aRo-unsplash.jpg","type":"image\/jpeg"}],"twitter_card":"summary_large_image","twitter_site":"@ivcisainc","twitter_misc":{"Tiempo de lectura":"5 minutos"},"schema":{"@context":"https:\/\/schema.org","@graph":[{"@type":"WebPage","@id":"https:\/\/ivcisa.com\/index.php\/prensa\/","url":"https:\/\/ivcisa.com\/index.php\/prensa\/","name":"Prensa - IVCISA","isPartOf":{"@id":"https:\/\/ivcisa.com\/#website"},"primaryImageOfPage":{"@id":"https:\/\/ivcisa.com\/index.php\/prensa\/#primaryimage"},"image":{"@id":"https:\/\/ivcisa.com\/index.php\/prensa\/#primaryimage"},"thumbnailUrl":"https:\/\/ivcisa.com\/wp-content\/uploads\/2023\/08\/brett-jordan-LPZy4da9aRo-unsplash.jpg","datePublished":"2023-08-07T22:05:18+00:00","dateModified":"2025-11-20T21:31:47+00:00","breadcrumb":{"@id":"https:\/\/ivcisa.com\/index.php\/prensa\/#breadcrumb"},"inLanguage":"es-CO","potentialAction":[{"@type":"ReadAction","target":["https:\/\/ivcisa.com\/index.php\/prensa\/"]}]},{"@type":"ImageObject","inLanguage":"es-CO","@id":"https:\/\/ivcisa.com\/index.php\/prensa\/#primaryimage","url":"https:\/\/ivcisa.com\/wp-content\/uploads\/2023\/08\/brett-jordan-LPZy4da9aRo-unsplash.jpg","contentUrl":"https:\/\/ivcisa.com\/wp-content\/uploads\/2023\/08\/brett-jordan-LPZy4da9aRo-unsplash.jpg","width":1920,"height":1440},{"@type":"BreadcrumbList","@id":"https:\/\/ivcisa.com\/index.php\/prensa\/#breadcrumb","itemListElement":[{"@type":"ListItem","position":1,"name":"Inicio","item":"https:\/\/ivcisa.com\/"},{"@type":"ListItem","position":2,"name":"Prensa"}]},{"@type":"WebSite","@id":"https:\/\/ivcisa.com\/#website","url":"https:\/\/ivcisa.com\/","name":"IVCISA","description":"Somos una empresa de servicios y consultor\u00eda especializada en soluciones en la nube de AWS.","publisher":{"@id":"https:\/\/ivcisa.com\/#organization"},"potentialAction":[{"@type":"SearchAction","target":{"@type":"EntryPoint","urlTemplate":"https:\/\/ivcisa.com\/?s={search_term_string}"},"query-input":{"@type":"PropertyValueSpecification","valueRequired":true,"valueName":"search_term_string"}}],"inLanguage":"es-CO"},{"@type":"Organization","@id":"https:\/\/ivcisa.com\/#organization","name":"IVCISA","url":"https:\/\/ivcisa.com\/","logo":{"@type":"ImageObject","inLanguage":"es-CO","@id":"https:\/\/ivcisa.com\/#\/schema\/logo\/image\/","url":"https:\/\/ivcisa.com\/wp-content\/uploads\/2023\/03\/Logo-IVCISA-NUEVO-transparente-e1679587431960.png","contentUrl":"https:\/\/ivcisa.com\/wp-content\/uploads\/2023\/03\/Logo-IVCISA-NUEVO-transparente-e1679587431960.png","width":2362,"height":1003,"caption":"IVCISA"},"image":{"@id":"https:\/\/ivcisa.com\/#\/schema\/logo\/image\/"},"sameAs":["https:\/\/x.com\/ivcisainc","https:\/\/www.linkedin.com\/company\/ivcisa-int\/"]}]}},"_links":{"self":[{"href":"https:\/\/ivcisa.com\/index.php\/wp-json\/wp\/v2\/pages\/6372","targetHints":{"allow":["GET"]}}],"collection":[{"href":"https:\/\/ivcisa.com\/index.php\/wp-json\/wp\/v2\/pages"}],"about":[{"href":"https:\/\/ivcisa.com\/index.php\/wp-json\/wp\/v2\/types\/page"}],"author":[{"embeddable":true,"href":"https:\/\/ivcisa.com\/index.php\/wp-json\/wp\/v2\/users\/1"}],"replies":[{"embeddable":true,"href":"https:\/\/ivcisa.com\/index.php\/wp-json\/wp\/v2\/comments?post=6372"}],"version-history":[{"count":51,"href":"https:\/\/ivcisa.com\/index.php\/wp-json\/wp\/v2\/pages\/6372\/revisions"}],"predecessor-version":[{"id":12596,"href":"https:\/\/ivcisa.com\/index.php\/wp-json\/wp\/v2\/pages\/6372\/revisions\/12596"}],"wp:featuredmedia":[{"embeddable":true,"href":"https:\/\/ivcisa.com\/index.php\/wp-json\/wp\/v2\/media\/6475"}],"wp:attachment":[{"href":"https:\/\/ivcisa.com\/index.php\/wp-json\/wp\/v2\/media?parent=6372"}],"curies":[{"name":"wp","href":"https:\/\/api.w.org\/{rel}","templated":true}]}}